{"id":18136,"date":"2020-02-27T04:02:19","date_gmt":"2020-02-27T04:02:19","guid":{"rendered":"https:\/\/ox7.ee3.mytemp.website\/?post_type=product&#038;p=18136"},"modified":"2022-08-05T13:46:04","modified_gmt":"2022-08-05T05:46:04","slug":"heilala-vanilla-beans-2-pods","status":"publish","type":"product","link":"https:\/\/ox7.ee3.mytemp.website\/zh\/product\/heilala-vanilla-beans-2-pods\/","title":{"rendered":"Heilala Vanilla Beans &#8211; 2 Pods"},"content":{"rendered":"<p>Heilala Vanilla Beans are unique premium Tongan vanilla beans (Bourbon variety as grown in Madagascar). Grown with integrity, the beans are harvested, cured, and dried by dedicated local farmers.<\/p>\n<p>The plump beans, bursting with vanilla seeds, are delivered to New Zealand where they are carefully packaged to maintain their full aromatic quality. Easy to use, simply split and scrape the bean to extract the rich seeds, perfect for sweet or savory dishes, offering you the ultimate in flavoring!<\/p>\n<p><strong>Ingredients:<\/strong>\u00a0Tongan-Bourbon Variety Vanilla Beans<\/p>\n<p>&nbsp;<\/p>\n<p><strong>*What is the difference between\u00a0vanilla bean vs vanilla extract?*<\/strong><\/p>\n<p>&nbsp;<\/p>\n<p><strong>*Vanilla Beans*<\/strong> come from only one source. One hundred percent of true vanilla derives from the orchid of the genus of vanilla. The fruit on a Vanilla Planifolia is a vanilla bean or pod. A vanilla bean grows out like a long green pod. The vanilla beans mature over the course of five months.\u00a0 They can be harvested and cured to be made into\u00a0vanilla extract\u00a0and\u00a0vanilla essential oil.<\/p>\n<p>&nbsp;<\/p>\n<p><strong>*Vanilla extract*\u00a0<\/strong> is made from liquid (usually a mild alcohol) that is infused with\u00a0vanilla\u00a0beans. &#8230; The strength\u00a0can\u00a0vary according to the quality of the\u00a0extract, and there may be guidelines on the bottle, but most people find that 1 to 2 teaspoons of\u00a0vanilla extract\u00a0will be the equivalent to one\u00a0vanilla pod.<\/p>\n<p><strong>*Baking with Vanilla Bean vs Vanilla Extract?<\/strong><\/p>\n<p>Both the vanilla bean and the vanilla extract will give you a delicious vanilla flavor in your baking goods. Vanilla extract will create a smoother mixture or concoction for a far less price. They are better suited for food that is darker in color and not as fluffy. Vanilla extract is also far less messy during food preparation. Vanilla bean will add flecks and more texture to a mixture which makes it seem more distinct and at a pricier cost. Vanilla beans are recommended for use with lighter colored foods or fluffier baked goods.<\/p>","protected":false},"excerpt":{"rendered":"<p>Hand selected at their ripest to develop distinctive flavor and aroma perfect for infusing deep vanilla richness into cr\u00e8me br\u00fbl\u00e9e, ice cream, poached fruit, and curries.<\/p>\n<p>Heilala is the world&#8217;s first vanilla company to be awarded a B corp certification given that they meet the highest standard of social and environmental performance, public transparency and legal accountability to balance profit and purpose.<\/p>","protected":false},"featured_media":18138,"comment_status":"open","ping_status":"closed","template":"","meta":[],"product_brand":[],"product_cat":[15],"product_tag":[2208],"class_list":{"0":"post-18136","1":"product","2":"type-product","3":"status-publish","4":"has-post-thumbnail","6":"product_cat-sweeteners-condiments","7":"product_tag-heilala-vanilla-pods-vanillabean","9":"first","10":"instock","11":"shipping-taxable","12":"purchasable","13":"product-type-simple"},"yoast_head":"<!-- This site is optimized with the Yoast SEO plugin v27.3 - https:\/\/yoast.com\/product\/yoast-seo-wordpress\/ -->\n<title>Heilala Vanilla Beans - 2 Pods - Spicebox Organics<\/title>\n<meta name=\"robots\" content=\"index, follow, max-snippet:-1, max-image-preview:large, max-video-preview:-1\" \/>\n<link rel=\"canonical\" href=\"https:\/\/ox7.ee3.mytemp.website\/zh\/product\/heilala-vanilla-beans-2-pods\/\" \/>\n<meta property=\"og:locale\" content=\"zh_HK\" \/>\n<meta property=\"og:type\" content=\"article\" \/>\n<meta property=\"og:title\" content=\"Heilala Vanilla Beans - 2 Pods - Spicebox Organics\" \/>\n<meta property=\"og:url\" content=\"https:\/\/ox7.ee3.mytemp.website\/zh\/product\/heilala-vanilla-beans-2-pods\/\" \/>\n<meta property=\"og:site_name\" content=\"Spicebox Organics\" \/>\n<meta property=\"article:modified_time\" content=\"2022-08-05T05:46:04+00:00\" \/>\n<meta property=\"og:image\" content=\"https:\/\/ox7.ee3.mytemp.website\/wp-content\/uploads\/2020\/02\/2-Vanilla-Beans-Glass-Tube-scaled.jpg\" \/>\n\t<meta property=\"og:image:width\" content=\"1920\" \/>\n\t<meta property=\"og:image:height\" content=\"2560\" \/>\n\t<meta property=\"og:image:type\" content=\"image\/jpeg\" \/>\n<meta name=\"twitter:label1\" content=\"\u9810\u8a08\u95b1\u8b80\u6642\u9593\" \/>\n\t<meta name=\"twitter:data1\" content=\"2 \u5206\u9418\" \/>\n<script type=\"application\/ld+json\" class=\"yoast-schema-graph\">{\"@context\":\"https:\\\/\\\/schema.org\",\"@graph\":[{\"@type\":\"WebPage\",\"@id\":\"https:\\\/\\\/ox7.ee3.mytemp.website\\\/product\\\/heilala-vanilla-beans-2-pods\\\/\",\"url\":\"https:\\\/\\\/ox7.ee3.mytemp.website\\\/product\\\/heilala-vanilla-beans-2-pods\\\/\",\"name\":\"Heilala Vanilla Beans - 2 Pods - Spicebox Organics\",\"isPartOf\":{\"@id\":\"https:\\\/\\\/ox7.ee3.mytemp.website\\\/#website\"},\"primaryImageOfPage\":{\"@id\":\"https:\\\/\\\/ox7.ee3.mytemp.website\\\/product\\\/heilala-vanilla-beans-2-pods\\\/#primaryimage\"},\"image\":{\"@id\":\"https:\\\/\\\/ox7.ee3.mytemp.website\\\/product\\\/heilala-vanilla-beans-2-pods\\\/#primaryimage\"},\"thumbnailUrl\":\"https:\\\/\\\/ox7.ee3.mytemp.website\\\/wp-content\\\/uploads\\\/2020\\\/02\\\/2-Vanilla-Beans-Glass-Tube-scaled.jpg\",\"datePublished\":\"2020-02-27T04:02:19+00:00\",\"dateModified\":\"2022-08-05T05:46:04+00:00\",\"breadcrumb\":{\"@id\":\"https:\\\/\\\/ox7.ee3.mytemp.website\\\/product\\\/heilala-vanilla-beans-2-pods\\\/#breadcrumb\"},\"inLanguage\":\"zh-HK\",\"potentialAction\":[{\"@type\":\"ReadAction\",\"target\":[\"https:\\\/\\\/ox7.ee3.mytemp.website\\\/product\\\/heilala-vanilla-beans-2-pods\\\/\"]}]},{\"@type\":\"ImageObject\",\"inLanguage\":\"zh-HK\",\"@id\":\"https:\\\/\\\/ox7.ee3.mytemp.website\\\/product\\\/heilala-vanilla-beans-2-pods\\\/#primaryimage\",\"url\":\"https:\\\/\\\/ox7.ee3.mytemp.website\\\/wp-content\\\/uploads\\\/2020\\\/02\\\/2-Vanilla-Beans-Glass-Tube-scaled.jpg\",\"contentUrl\":\"https:\\\/\\\/ox7.ee3.mytemp.website\\\/wp-content\\\/uploads\\\/2020\\\/02\\\/2-Vanilla-Beans-Glass-Tube-scaled.jpg\",\"width\":1920,\"height\":2560},{\"@type\":\"BreadcrumbList\",\"@id\":\"https:\\\/\\\/ox7.ee3.mytemp.website\\\/product\\\/heilala-vanilla-beans-2-pods\\\/#breadcrumb\",\"itemListElement\":[{\"@type\":\"ListItem\",\"position\":1,\"name\":\"Home\",\"item\":\"https:\\\/\\\/ox7.ee3.mytemp.website\\\/\"},{\"@type\":\"ListItem\",\"position\":2,\"name\":\"Shop\",\"item\":\"https:\\\/\\\/ox7.ee3.mytemp.website\\\/shop\\\/\"},{\"@type\":\"ListItem\",\"position\":3,\"name\":\"Heilala Vanilla Beans &#8211; 2 Pods\"}]},{\"@type\":\"WebSite\",\"@id\":\"https:\\\/\\\/ox7.ee3.mytemp.website\\\/#website\",\"url\":\"https:\\\/\\\/ox7.ee3.mytemp.website\\\/\",\"name\":\"Spicebox Organics\",\"description\":\"Organic Store &amp; Caf&eacute;\",\"publisher\":{\"@id\":\"https:\\\/\\\/ox7.ee3.mytemp.website\\\/#organization\"},\"potentialAction\":[{\"@type\":\"SearchAction\",\"target\":{\"@type\":\"EntryPoint\",\"urlTemplate\":\"https:\\\/\\\/ox7.ee3.mytemp.website\\\/?s={search_term_string}\"},\"query-input\":{\"@type\":\"PropertyValueSpecification\",\"valueRequired\":true,\"valueName\":\"search_term_string\"}}],\"inLanguage\":\"zh-HK\"},{\"@type\":\"Organization\",\"@id\":\"https:\\\/\\\/ox7.ee3.mytemp.website\\\/#organization\",\"name\":\"SpiceBox Organics\",\"url\":\"https:\\\/\\\/ox7.ee3.mytemp.website\\\/\",\"logo\":{\"@type\":\"ImageObject\",\"inLanguage\":\"zh-HK\",\"@id\":\"https:\\\/\\\/ox7.ee3.mytemp.website\\\/#\\\/schema\\\/logo\\\/image\\\/\",\"url\":\"https:\\\/\\\/ox7.ee3.mytemp.website\\\/wp-content\\\/uploads\\\/2018\\\/10\\\/SBO-site-logo-3.jpg\",\"contentUrl\":\"https:\\\/\\\/ox7.ee3.mytemp.website\\\/wp-content\\\/uploads\\\/2018\\\/10\\\/SBO-site-logo-3.jpg\",\"width\":235,\"height\":250,\"caption\":\"SpiceBox Organics\"},\"image\":{\"@id\":\"https:\\\/\\\/ox7.ee3.mytemp.website\\\/#\\\/schema\\\/logo\\\/image\\\/\"}}]}<\/script>\n<!-- \/ Yoast SEO plugin. -->","yoast_head_json":{"title":"Heilala Vanilla Beans - 2 Pods - Spicebox Organics","robots":{"index":"index","follow":"follow","max-snippet":"max-snippet:-1","max-image-preview":"max-image-preview:large","max-video-preview":"max-video-preview:-1"},"canonical":"https:\/\/ox7.ee3.mytemp.website\/zh\/product\/heilala-vanilla-beans-2-pods\/","og_locale":"zh_HK","og_type":"article","og_title":"Heilala Vanilla Beans - 2 Pods - Spicebox Organics","og_url":"https:\/\/ox7.ee3.mytemp.website\/zh\/product\/heilala-vanilla-beans-2-pods\/","og_site_name":"Spicebox Organics","article_modified_time":"2022-08-05T05:46:04+00:00","og_image":[{"width":1920,"height":2560,"url":"https:\/\/ox7.ee3.mytemp.website\/wp-content\/uploads\/2020\/02\/2-Vanilla-Beans-Glass-Tube-scaled.jpg","type":"image\/jpeg"}],"twitter_misc":{"\u9810\u8a08\u95b1\u8b80\u6642\u9593":"2 \u5206\u9418"},"schema":{"@context":"https:\/\/schema.org","@graph":[{"@type":"WebPage","@id":"https:\/\/ox7.ee3.mytemp.website\/product\/heilala-vanilla-beans-2-pods\/","url":"https:\/\/ox7.ee3.mytemp.website\/product\/heilala-vanilla-beans-2-pods\/","name":"Heilala Vanilla Beans - 2 Pods - Spicebox Organics","isPartOf":{"@id":"https:\/\/ox7.ee3.mytemp.website\/#website"},"primaryImageOfPage":{"@id":"https:\/\/ox7.ee3.mytemp.website\/product\/heilala-vanilla-beans-2-pods\/#primaryimage"},"image":{"@id":"https:\/\/ox7.ee3.mytemp.website\/product\/heilala-vanilla-beans-2-pods\/#primaryimage"},"thumbnailUrl":"https:\/\/ox7.ee3.mytemp.website\/wp-content\/uploads\/2020\/02\/2-Vanilla-Beans-Glass-Tube-scaled.jpg","datePublished":"2020-02-27T04:02:19+00:00","dateModified":"2022-08-05T05:46:04+00:00","breadcrumb":{"@id":"https:\/\/ox7.ee3.mytemp.website\/product\/heilala-vanilla-beans-2-pods\/#breadcrumb"},"inLanguage":"zh-HK","potentialAction":[{"@type":"ReadAction","target":["https:\/\/ox7.ee3.mytemp.website\/product\/heilala-vanilla-beans-2-pods\/"]}]},{"@type":"ImageObject","inLanguage":"zh-HK","@id":"https:\/\/ox7.ee3.mytemp.website\/product\/heilala-vanilla-beans-2-pods\/#primaryimage","url":"https:\/\/ox7.ee3.mytemp.website\/wp-content\/uploads\/2020\/02\/2-Vanilla-Beans-Glass-Tube-scaled.jpg","contentUrl":"https:\/\/ox7.ee3.mytemp.website\/wp-content\/uploads\/2020\/02\/2-Vanilla-Beans-Glass-Tube-scaled.jpg","width":1920,"height":2560},{"@type":"BreadcrumbList","@id":"https:\/\/ox7.ee3.mytemp.website\/product\/heilala-vanilla-beans-2-pods\/#breadcrumb","itemListElement":[{"@type":"ListItem","position":1,"name":"Home","item":"https:\/\/ox7.ee3.mytemp.website\/"},{"@type":"ListItem","position":2,"name":"Shop","item":"https:\/\/ox7.ee3.mytemp.website\/shop\/"},{"@type":"ListItem","position":3,"name":"Heilala Vanilla Beans &#8211; 2 Pods"}]},{"@type":"WebSite","@id":"https:\/\/ox7.ee3.mytemp.website\/#website","url":"https:\/\/ox7.ee3.mytemp.website\/","name":"Spicebox Organics","description":"Organic Store &amp; Caf&eacute;","publisher":{"@id":"https:\/\/ox7.ee3.mytemp.website\/#organization"},"potentialAction":[{"@type":"SearchAction","target":{"@type":"EntryPoint","urlTemplate":"https:\/\/ox7.ee3.mytemp.website\/?s={search_term_string}"},"query-input":{"@type":"PropertyValueSpecification","valueRequired":true,"valueName":"search_term_string"}}],"inLanguage":"zh-HK"},{"@type":"Organization","@id":"https:\/\/ox7.ee3.mytemp.website\/#organization","name":"SpiceBox Organics","url":"https:\/\/ox7.ee3.mytemp.website\/","logo":{"@type":"ImageObject","inLanguage":"zh-HK","@id":"https:\/\/ox7.ee3.mytemp.website\/#\/schema\/logo\/image\/","url":"https:\/\/ox7.ee3.mytemp.website\/wp-content\/uploads\/2018\/10\/SBO-site-logo-3.jpg","contentUrl":"https:\/\/ox7.ee3.mytemp.website\/wp-content\/uploads\/2018\/10\/SBO-site-logo-3.jpg","width":235,"height":250,"caption":"SpiceBox Organics"},"image":{"@id":"https:\/\/ox7.ee3.mytemp.website\/#\/schema\/logo\/image\/"}}]}},"_links":{"self":[{"href":"https:\/\/ox7.ee3.mytemp.website\/zh\/wp-json\/wp\/v2\/product\/18136","targetHints":{"allow":["GET"]}}],"collection":[{"href":"https:\/\/ox7.ee3.mytemp.website\/zh\/wp-json\/wp\/v2\/product"}],"about":[{"href":"https:\/\/ox7.ee3.mytemp.website\/zh\/wp-json\/wp\/v2\/types\/product"}],"replies":[{"embeddable":true,"href":"https:\/\/ox7.ee3.mytemp.website\/zh\/wp-json\/wp\/v2\/comments?post=18136"}],"wp:featuredmedia":[{"embeddable":true,"href":"https:\/\/ox7.ee3.mytemp.website\/zh\/wp-json\/wp\/v2\/media\/18138"}],"wp:attachment":[{"href":"https:\/\/ox7.ee3.mytemp.website\/zh\/wp-json\/wp\/v2\/media?parent=18136"}],"wp:term":[{"taxonomy":"product_brand","embeddable":true,"href":"https:\/\/ox7.ee3.mytemp.website\/zh\/wp-json\/wp\/v2\/product_brand?post=18136"},{"taxonomy":"product_cat","embeddable":true,"href":"https:\/\/ox7.ee3.mytemp.website\/zh\/wp-json\/wp\/v2\/product_cat?post=18136"},{"taxonomy":"product_tag","embeddable":true,"href":"https:\/\/ox7.ee3.mytemp.website\/zh\/wp-json\/wp\/v2\/product_tag?post=18136"}],"curies":[{"name":"wp","href":"https:\/\/api.w.org\/{rel}","templated":true}]}}